{"id":451,"date":"2024-04-24T20:32:55","date_gmt":"2024-04-24T20:32:55","guid":{"rendered":"https:\/\/dainavafest.lt\/?page_id=451"},"modified":"2025-05-15T12:59:13","modified_gmt":"2025-05-15T09:59:13","slug":"remejai","status":"publish","type":"page","link":"https:\/\/dainavafest.lt\/en\/remejai\/","title":{"rendered":"Sponsors"},"content":{"rendered":"<div style=\"height:35px\" aria-hidden=\"true\" class=\"wp-block-spacer\"><\/div>\n\n\n\n<div class=\"wp-block-columns is-not-stacked-on-mobile is-layout-flex wp-container-core-columns-is-layout-1 wp-block-columns-is-layout-flex\">\n<div class=\"wp-block-column is-layout-flow wp-block-column-is-layout-flow\" style=\"flex-basis:100%\">\n<h6 class=\"wp-block-heading has-text-align-center has-palette-color-2-color has-text-color has-link-color has-medium-font-size wp-elements-122a3e4a971d424da4076e4df4f0f239\">The Organizer<\/h6>\n<\/div>\n<\/div>\n\n\n\n<figure class=\"wp-block-image aligncenter size-large is-resized\"><a href=\"https:\/\/www.alytuskc.lt\/\" target=\"_blank\" rel=\"noreferrer noopener\"><img loading=\"lazy\" decoding=\"async\" width=\"1024\" height=\"352\" src=\"https:\/\/dainavafest.lt\/wp-content\/uploads\/2024\/05\/AKC_logo_spalvotas_horizontalus-1024x352.png\" alt=\"\" class=\"wp-image-990\" style=\"width:225px\" srcset=\"https:\/\/dainavafest.lt\/wp-content\/uploads\/2024\/05\/AKC_logo_spalvotas_horizontalus-1024x352.png 1024w, https:\/\/dainavafest.lt\/wp-content\/uploads\/2024\/05\/AKC_logo_spalvotas_horizontalus-300x103.png 300w, https:\/\/dainavafest.lt\/wp-content\/uploads\/2024\/05\/AKC_logo_spalvotas_horizontalus-768x264.png 768w, https:\/\/dainavafest.lt\/wp-content\/uploads\/2024\/05\/AKC_logo_spalvotas_horizontalus-18x6.png 18w, https:\/\/dainavafest.lt\/wp-content\/uploads\/2024\/05\/AKC_logo_spalvotas_horizontalus.png 1159w\" sizes=\"(max-width: 1024px) 100vw, 1024px\" \/><\/a><\/figure>\n\n\n\n<hr class=\"wp-block-separator has-alpha-channel-opacity is-style-wide\"\/>\n\n\n\n<h6 class=\"wp-block-heading has-text-align-center has-palette-color-2-color has-text-color has-link-color has-medium-font-size wp-elements-0c4aadedb057753b1ebd340afe73efb4\">Festival is financed by<\/h6>\n\n\n\n<div class=\"wp-block-columns are-vertically-aligned-center is-layout-flex wp-container-core-columns-is-layout-3 wp-block-columns-is-layout-flex\">\n<div class=\"wp-block-column is-vertically-aligned-center is-layout-flow wp-block-column-is-layout-flow\">\n<div class=\"wp-block-columns are-vertically-aligned-center is-layout-flex wp-container-core-columns-is-layout-2 wp-block-columns-is-layout-flex\">\n<div class=\"wp-block-column is-vertically-aligned-center is-layout-flow wp-block-column-is-layout-flow\">\n<figure class=\"wp-block-image size-large is-resized\"><a href=\"https:\/\/www.ltkt.lt\/\" target=\"_blank\" rel=\"noreferrer noopener\"><img loading=\"lazy\" decoding=\"async\" width=\"1024\" height=\"400\" src=\"https:\/\/dainavafest.lt\/wp-content\/uploads\/2024\/04\/LKT_LT_juodas-1024x400.png\" alt=\"\" class=\"wp-image-873\" style=\"width:225px;height:auto\" srcset=\"https:\/\/dainavafest.lt\/wp-content\/uploads\/2024\/04\/LKT_LT_juodas-1024x400.png 1024w, https:\/\/dainavafest.lt\/wp-content\/uploads\/2024\/04\/LKT_LT_juodas-300x117.png 300w, https:\/\/dainavafest.lt\/wp-content\/uploads\/2024\/04\/LKT_LT_juodas-768x300.png 768w, https:\/\/dainavafest.lt\/wp-content\/uploads\/2024\/04\/LKT_LT_juodas-18x7.png 18w, https:\/\/dainavafest.lt\/wp-content\/uploads\/2024\/04\/LKT_LT_juodas.png 1418w\" sizes=\"(max-width: 1024px) 100vw, 1024px\" \/><\/a><\/figure>\n<\/div>\n\n\n\n<div class=\"wp-block-column is-vertically-aligned-center is-layout-flow wp-block-column-is-layout-flow\">\n<figure class=\"wp-block-image size-large is-resized\"><a href=\"https:\/\/alytus.lt\/\" target=\"_blank\" rel=\"noreferrer noopener\"><img loading=\"lazy\" decoding=\"async\" width=\"1024\" height=\"290\" src=\"https:\/\/dainavafest.lt\/wp-content\/uploads\/2024\/04\/festivali-finansuoja_Alytus-Myliu_Alytaus-miesto-savivaldybe--1024x290.jpg\" alt=\"\" class=\"wp-image-888\" style=\"width:362px;height:auto\" srcset=\"https:\/\/dainavafest.lt\/wp-content\/uploads\/2024\/04\/festivali-finansuoja_Alytus-Myliu_Alytaus-miesto-savivaldybe--1024x290.jpg 1024w, https:\/\/dainavafest.lt\/wp-content\/uploads\/2024\/04\/festivali-finansuoja_Alytus-Myliu_Alytaus-miesto-savivaldybe--300x85.jpg 300w, https:\/\/dainavafest.lt\/wp-content\/uploads\/2024\/04\/festivali-finansuoja_Alytus-Myliu_Alytaus-miesto-savivaldybe--768x218.jpg 768w, https:\/\/dainavafest.lt\/wp-content\/uploads\/2024\/04\/festivali-finansuoja_Alytus-Myliu_Alytaus-miesto-savivaldybe--1536x435.jpg 1536w, https:\/\/dainavafest.lt\/wp-content\/uploads\/2024\/04\/festivali-finansuoja_Alytus-Myliu_Alytaus-miesto-savivaldybe--2048x580.jpg 2048w, https:\/\/dainavafest.lt\/wp-content\/uploads\/2024\/04\/festivali-finansuoja_Alytus-Myliu_Alytaus-miesto-savivaldybe--18x5.jpg 18w\" sizes=\"(max-width: 1024px) 100vw, 1024px\" \/><\/a><\/figure>\n<\/div>\n<\/div>\n<\/div>\n<\/div>\n\n\n\n<h6 class=\"wp-block-heading has-text-align-center has-palette-color-2-color has-text-color has-link-color has-medium-font-size wp-elements-a797bf745034469c8e271bb1689584de\"><\/h6>\n\n\n\n<hr class=\"wp-block-separator has-alpha-channel-opacity is-style-wide\"\/>\n\n\n\n<h6 class=\"wp-block-heading has-text-align-center has-palette-color-2-color has-text-color has-link-color has-medium-font-size wp-elements-441120f91b3f1fcce876835acc0ebc6e\">Speaking about the festival<\/h6>\n\n\n\n<div class=\"wp-block-columns is-layout-flex wp-container-core-columns-is-layout-4 wp-block-columns-is-layout-flex\">\n<div class=\"wp-block-column is-layout-flow wp-block-column-is-layout-flow\">\n<figure class=\"wp-block-image aligncenter size-large is-resized\"><a href=\"https:\/\/fm99.lt\/\" target=\"_blank\" rel=\"noreferrer noopener\"><img loading=\"lazy\" decoding=\"async\" width=\"1024\" height=\"264\" src=\"https:\/\/dainavafest.lt\/wp-content\/uploads\/2024\/06\/logoFM99-1024x264.png\" alt=\"\" class=\"wp-image-1411\" style=\"width:180px\" srcset=\"https:\/\/dainavafest.lt\/wp-content\/uploads\/2024\/06\/logoFM99-1024x264.png 1024w, https:\/\/dainavafest.lt\/wp-content\/uploads\/2024\/06\/logoFM99-300x77.png 300w, https:\/\/dainavafest.lt\/wp-content\/uploads\/2024\/06\/logoFM99-768x198.png 768w, https:\/\/dainavafest.lt\/wp-content\/uploads\/2024\/06\/logoFM99-1536x396.png 1536w, https:\/\/dainavafest.lt\/wp-content\/uploads\/2024\/06\/logoFM99-2048x528.png 2048w, https:\/\/dainavafest.lt\/wp-content\/uploads\/2024\/06\/logoFM99-18x5.png 18w\" sizes=\"(max-width: 1024px) 100vw, 1024px\" \/><\/a><\/figure>\n\n\n\n<figure class=\"wp-block-image aligncenter size-large is-resized\"><img loading=\"lazy\" decoding=\"async\" width=\"1024\" height=\"630\" src=\"https:\/\/dainavafest.lt\/wp-content\/uploads\/2025\/05\/logogidas-1024x630.webp\" alt=\"\" class=\"wp-image-1609\" style=\"width:169px;height:auto\" srcset=\"https:\/\/dainavafest.lt\/wp-content\/uploads\/2025\/05\/logogidas-1024x630.webp 1024w, https:\/\/dainavafest.lt\/wp-content\/uploads\/2025\/05\/logogidas-300x185.webp 300w, https:\/\/dainavafest.lt\/wp-content\/uploads\/2025\/05\/logogidas-768x473.webp 768w, https:\/\/dainavafest.lt\/wp-content\/uploads\/2025\/05\/logogidas-18x12.webp 18w, https:\/\/dainavafest.lt\/wp-content\/uploads\/2025\/05\/logogidas.webp 1438w\" sizes=\"(max-width: 1024px) 100vw, 1024px\" \/><\/figure>\n\n\n\n<figure class=\"wp-block-image aligncenter size-full\"><img loading=\"lazy\" decoding=\"async\" width=\"316\" height=\"45\" src=\"https:\/\/dainavafest.lt\/wp-content\/uploads\/2025\/05\/dzukijos-veidas-1.jpg\" alt=\"\" class=\"wp-image-1611\" srcset=\"https:\/\/dainavafest.lt\/wp-content\/uploads\/2025\/05\/dzukijos-veidas-1.jpg 316w, https:\/\/dainavafest.lt\/wp-content\/uploads\/2025\/05\/dzukijos-veidas-1-300x43.jpg 300w, https:\/\/dainavafest.lt\/wp-content\/uploads\/2025\/05\/dzukijos-veidas-1-18x3.jpg 18w\" sizes=\"(max-width: 316px) 100vw, 316px\" \/><\/figure>\n<\/div>\n\n\n\n<div class=\"wp-block-column is-layout-flow wp-block-column-is-layout-flow\">\n<figure class=\"wp-block-image size-large\"><img loading=\"lazy\" decoding=\"async\" width=\"1024\" height=\"174\" src=\"https:\/\/dainavafest.lt\/wp-content\/uploads\/2025\/05\/AZ-logo-ZA-1024x174.jpg\" alt=\"\" class=\"wp-image-1607\" srcset=\"https:\/\/dainavafest.lt\/wp-content\/uploads\/2025\/05\/AZ-logo-ZA-1024x174.jpg 1024w, https:\/\/dainavafest.lt\/wp-content\/uploads\/2025\/05\/AZ-logo-ZA-300x51.jpg 300w, https:\/\/dainavafest.lt\/wp-content\/uploads\/2025\/05\/AZ-logo-ZA-768x131.jpg 768w, https:\/\/dainavafest.lt\/wp-content\/uploads\/2025\/05\/AZ-logo-ZA-1536x261.jpg 1536w, https:\/\/dainavafest.lt\/wp-content\/uploads\/2025\/05\/AZ-logo-ZA-2048x348.jpg 2048w, https:\/\/dainavafest.lt\/wp-content\/uploads\/2025\/05\/AZ-logo-ZA-18x3.jpg 18w\" sizes=\"(max-width: 1024px) 100vw, 1024px\" \/><\/figure>\n\n\n\n<figure class=\"wp-block-image aligncenter size-full is-resized\"><img loading=\"lazy\" decoding=\"async\" width=\"341\" height=\"117\" src=\"https:\/\/dainavafest.lt\/wp-content\/uploads\/2025\/05\/alytus-plius-png.png\" alt=\"\" class=\"wp-image-1608\" style=\"width:183px;height:auto\" srcset=\"https:\/\/dainavafest.lt\/wp-content\/uploads\/2025\/05\/alytus-plius-png.png 341w, https:\/\/dainavafest.lt\/wp-content\/uploads\/2025\/05\/alytus-plius-png-300x103.png 300w, https:\/\/dainavafest.lt\/wp-content\/uploads\/2025\/05\/alytus-plius-png-18x6.png 18w\" sizes=\"(max-width: 341px) 100vw, 341px\" \/><\/figure>\n\n\n\n<figure class=\"wp-block-image size-large\"><img loading=\"lazy\" decoding=\"async\" width=\"1024\" height=\"123\" src=\"https:\/\/dainavafest.lt\/wp-content\/uploads\/2025\/05\/ANAUJIENOS-GERAS-1024x123.png\" alt=\"\" class=\"wp-image-1610\" srcset=\"https:\/\/dainavafest.lt\/wp-content\/uploads\/2025\/05\/ANAUJIENOS-GERAS-1024x123.png 1024w, https:\/\/dainavafest.lt\/wp-content\/uploads\/2025\/05\/ANAUJIENOS-GERAS-300x36.png 300w, https:\/\/dainavafest.lt\/wp-content\/uploads\/2025\/05\/ANAUJIENOS-GERAS-768x92.png 768w, https:\/\/dainavafest.lt\/wp-content\/uploads\/2025\/05\/ANAUJIENOS-GERAS-18x2.png 18w, https:\/\/dainavafest.lt\/wp-content\/uploads\/2025\/05\/ANAUJIENOS-GERAS.png 1398w\" sizes=\"(max-width: 1024px) 100vw, 1024px\" \/><\/figure>\n<\/div>\n<\/div>\n\n\n\n<hr class=\"wp-block-separator has-alpha-channel-opacity is-style-wide\"\/>\n\n\n\n<h6 class=\"wp-block-heading has-text-align-center has-palette-color-2-color has-text-color has-link-color has-medium-font-size wp-elements-4b9cef7392b0a0693b51f16a54a5c7e3\">Partners<\/h6>\n\n\n\n<div class=\"wp-block-columns are-vertically-aligned-center is-layout-flex wp-container-core-columns-is-layout-5 wp-block-columns-is-layout-flex\">\n<div class=\"wp-block-column is-vertically-aligned-center is-layout-flow wp-block-column-is-layout-flow\"><\/div>\n\n\n\n<div class=\"wp-block-column is-vertically-aligned-center is-layout-flow wp-block-column-is-layout-flow\">\n<figure class=\"wp-block-image aligncenter size-full is-resized\"><a href=\"https:\/\/www.alytausmuziejus.lt\/\" target=\"_blank\" rel=\"noreferrer noopener\"><img loading=\"lazy\" decoding=\"async\" width=\"330\" height=\"189\" src=\"https:\/\/dainavafest.lt\/wp-content\/uploads\/2024\/04\/partneris-Alytaus-krastotyros-muziejus-1.png\" alt=\"\" class=\"wp-image-891\" style=\"width:200px;height:auto\" srcset=\"https:\/\/dainavafest.lt\/wp-content\/uploads\/2024\/04\/partneris-Alytaus-krastotyros-muziejus-1.png 330w, https:\/\/dainavafest.lt\/wp-content\/uploads\/2024\/04\/partneris-Alytaus-krastotyros-muziejus-1-300x172.png 300w, https:\/\/dainavafest.lt\/wp-content\/uploads\/2024\/04\/partneris-Alytaus-krastotyros-muziejus-1-18x10.png 18w\" sizes=\"(max-width: 330px) 100vw, 330px\" \/><\/a><\/figure>\n<\/div>\n\n\n\n<div class=\"wp-block-column is-vertically-aligned-center is-layout-flow wp-block-column-is-layout-flow\"><\/div>\n<\/div>\n\n\n\n<div class=\"wp-block-columns are-vertically-aligned-center is-layout-flex wp-container-core-columns-is-layout-6 wp-block-columns-is-layout-flex\">\n<div class=\"wp-block-column is-vertically-aligned-center is-layout-flow wp-block-column-is-layout-flow\"><\/div>\n\n\n\n<div class=\"wp-block-column is-vertically-aligned-center is-layout-flow wp-block-column-is-layout-flow\"><\/div>\n<\/div>\n\n\n\n<hr class=\"wp-block-separator has-alpha-channel-opacity\"\/>\n\n\n\n<div style=\"height:10px\" aria-hidden=\"true\" class=\"wp-block-spacer\"><\/div>\n\n\n\n<p><\/p>","protected":false},"excerpt":{"rendered":"<p>Organizatorius Festival\u012f finansuoja Apie festival\u012f kalba Partneriai<\/p>","protected":false},"author":1,"featured_media":0,"parent":0,"menu_order":0,"comment_status":"closed","ping_status":"closed","template":"","meta":{"_EventAllDay":false,"_EventTimezone":"","_EventStartDate":"","_EventEndDate":"","_EventStartDateUTC":"","_EventEndDateUTC":"","_EventShowMap":false,"_EventShowMapLink":false,"_EventURL":"","_EventCost":"","_EventCostDescription":"","_EventCurrencySymbol":"","_EventCurrencyCode":"","_EventCurrencyPosition":"","_EventDateTimeSeparator":"","_EventTimeRangeSeparator":"","_EventOrganizerID":[],"_EventVenueID":[],"_OrganizerEmail":"","_OrganizerPhone":"","_OrganizerWebsite":"","_VenueAddress":"","_VenueCity":"","_VenueCountry":"","_VenueProvince":"","_VenueState":"","_VenueZip":"","_VenuePhone":"","_VenueURL":"","_VenueStateProvince":"","_VenueLat":"","_VenueLng":"","_VenueShowMap":false,"_VenueShowMapLink":false,"footnotes":""},"class_list":["post-451","page","type-page","status-publish","hentry"],"blocksy_meta":{"content_style_source":"inherit","styles_descriptor":{"styles":{"desktop":"","tablet":"","mobile":""},"google_fonts":[],"version":6}},"yoast_head":"<!-- This site is optimized with the Yoast SEO plugin v24.9 - https:\/\/yoast.com\/wordpress\/plugins\/seo\/ -->\n<title>R\u0117m\u0117jai - Dainavos festivalis<\/title>\n<meta name=\"robots\" content=\"index, follow, max-snippet:-1, max-image-preview:large, max-video-preview:-1\" \/>\n<link rel=\"canonical\" href=\"https:\/\/dainavafest.lt\/en\/remejai\/\" \/>\n<meta property=\"og:locale\" content=\"en_US\" \/>\n<meta property=\"og:type\" content=\"article\" \/>\n<meta property=\"og:title\" content=\"R\u0117m\u0117jai - Dainavos festivalis\" \/>\n<meta property=\"og:description\" content=\"Organizatorius Festival\u012f finansuoja Apie festival\u012f kalba Partneriai\" \/>\n<meta property=\"og:url\" content=\"https:\/\/dainavafest.lt\/en\/remejai\/\" \/>\n<meta property=\"og:site_name\" content=\"Dainavos festivalis\" \/>\n<meta property=\"article:modified_time\" content=\"2025-05-15T09:59:13+00:00\" \/>\n<meta property=\"og:image\" content=\"https:\/\/dainavafest.lt\/wp-content\/uploads\/2024\/05\/AKC_logo_spalvotas_horizontalus.png\" \/>\n\t<meta property=\"og:image:width\" content=\"1159\" \/>\n\t<meta property=\"og:image:height\" content=\"398\" \/>\n\t<meta property=\"og:image:type\" content=\"image\/png\" \/>\n<meta name=\"twitter:card\" content=\"summary_large_image\" \/>\n<meta name=\"twitter:label1\" content=\"Est. reading time\" \/>\n\t<meta name=\"twitter:data1\" content=\"3 minutes\" \/>\n<script type=\"application\/ld+json\" class=\"yoast-schema-graph\">{\"@context\":\"https:\/\/schema.org\",\"@graph\":[{\"@type\":\"WebPage\",\"@id\":\"https:\/\/dainavafest.lt\/remejai\/\",\"url\":\"https:\/\/dainavafest.lt\/remejai\/\",\"name\":\"R\u0117m\u0117jai - Dainavos festivalis\",\"isPartOf\":{\"@id\":\"https:\/\/dainavafest.lt\/#website\"},\"primaryImageOfPage\":{\"@id\":\"https:\/\/dainavafest.lt\/remejai\/#primaryimage\"},\"image\":{\"@id\":\"https:\/\/dainavafest.lt\/remejai\/#primaryimage\"},\"thumbnailUrl\":\"https:\/\/dainavafest.lt\/wp-content\/uploads\/2024\/05\/AKC_logo_spalvotas_horizontalus-1024x352.png\",\"datePublished\":\"2024-04-24T20:32:55+00:00\",\"dateModified\":\"2025-05-15T09:59:13+00:00\",\"breadcrumb\":{\"@id\":\"https:\/\/dainavafest.lt\/remejai\/#breadcrumb\"},\"inLanguage\":\"en-US\",\"potentialAction\":[{\"@type\":\"ReadAction\",\"target\":[\"https:\/\/dainavafest.lt\/remejai\/\"]}]},{\"@type\":\"ImageObject\",\"inLanguage\":\"en-US\",\"@id\":\"https:\/\/dainavafest.lt\/remejai\/#primaryimage\",\"url\":\"https:\/\/dainavafest.lt\/wp-content\/uploads\/2024\/05\/AKC_logo_spalvotas_horizontalus-1024x352.png\",\"contentUrl\":\"https:\/\/dainavafest.lt\/wp-content\/uploads\/2024\/05\/AKC_logo_spalvotas_horizontalus-1024x352.png\"},{\"@type\":\"BreadcrumbList\",\"@id\":\"https:\/\/dainavafest.lt\/remejai\/#breadcrumb\",\"itemListElement\":[{\"@type\":\"ListItem\",\"position\":1,\"name\":\"Home\",\"item\":\"https:\/\/dainavafest.lt\/\"},{\"@type\":\"ListItem\",\"position\":2,\"name\":\"R\u0117m\u0117jai\"}]},{\"@type\":\"WebSite\",\"@id\":\"https:\/\/dainavafest.lt\/#website\",\"url\":\"https:\/\/dainavafest.lt\/\",\"name\":\"Dainavos festivalis\",\"description\":\"Dainavos \u0161alies muzikos festivalis\",\"publisher\":{\"@id\":\"https:\/\/dainavafest.lt\/#organization\"},\"alternateName\":\"dainava fest, dainavos festivalis, dainava, dainavos \u0161alies muzikos festivalis 2024\",\"potentialAction\":[{\"@type\":\"SearchAction\",\"target\":{\"@type\":\"EntryPoint\",\"urlTemplate\":\"https:\/\/dainavafest.lt\/?s={search_term_string}\"},\"query-input\":{\"@type\":\"PropertyValueSpecification\",\"valueRequired\":true,\"valueName\":\"search_term_string\"}}],\"inLanguage\":\"en-US\"},{\"@type\":\"Organization\",\"@id\":\"https:\/\/dainavafest.lt\/#organization\",\"name\":\"Alytaus kult\u016bros centras\",\"alternateName\":\"AKC\",\"url\":\"https:\/\/dainavafest.lt\/\",\"logo\":{\"@type\":\"ImageObject\",\"inLanguage\":\"en-US\",\"@id\":\"https:\/\/dainavafest.lt\/#\/schema\/logo\/image\/\",\"url\":\"https:\/\/dainavafest.lt\/wp-content\/uploads\/2024\/05\/cropped-logo-festivalio1-e1715260345259.png\",\"contentUrl\":\"https:\/\/dainavafest.lt\/wp-content\/uploads\/2024\/05\/cropped-logo-festivalio1-e1715260345259.png\",\"width\":512,\"height\":512,\"caption\":\"Alytaus kult\u016bros centras\"},\"image\":{\"@id\":\"https:\/\/dainavafest.lt\/#\/schema\/logo\/image\/\"}}]}<\/script>\n<!-- \/ Yoast SEO plugin. -->","yoast_head_json":{"title":"R\u0117m\u0117jai - Dainavos festivalis","robots":{"index":"index","follow":"follow","max-snippet":"max-snippet:-1","max-image-preview":"max-image-preview:large","max-video-preview":"max-video-preview:-1"},"canonical":"https:\/\/dainavafest.lt\/en\/remejai\/","og_locale":"en_US","og_type":"article","og_title":"R\u0117m\u0117jai - Dainavos festivalis","og_description":"Organizatorius Festival\u012f finansuoja Apie festival\u012f kalba Partneriai","og_url":"https:\/\/dainavafest.lt\/en\/remejai\/","og_site_name":"Dainavos festivalis","article_modified_time":"2025-05-15T09:59:13+00:00","og_image":[{"width":1159,"height":398,"url":"https:\/\/dainavafest.lt\/wp-content\/uploads\/2024\/05\/AKC_logo_spalvotas_horizontalus.png","type":"image\/png"}],"twitter_card":"summary_large_image","twitter_misc":{"Est. reading time":"3 minutes"},"schema":{"@context":"https:\/\/schema.org","@graph":[{"@type":"WebPage","@id":"https:\/\/dainavafest.lt\/remejai\/","url":"https:\/\/dainavafest.lt\/remejai\/","name":"R\u0117m\u0117jai - Dainavos festivalis","isPartOf":{"@id":"https:\/\/dainavafest.lt\/#website"},"primaryImageOfPage":{"@id":"https:\/\/dainavafest.lt\/remejai\/#primaryimage"},"image":{"@id":"https:\/\/dainavafest.lt\/remejai\/#primaryimage"},"thumbnailUrl":"https:\/\/dainavafest.lt\/wp-content\/uploads\/2024\/05\/AKC_logo_spalvotas_horizontalus-1024x352.png","datePublished":"2024-04-24T20:32:55+00:00","dateModified":"2025-05-15T09:59:13+00:00","breadcrumb":{"@id":"https:\/\/dainavafest.lt\/remejai\/#breadcrumb"},"inLanguage":"en-US","potentialAction":[{"@type":"ReadAction","target":["https:\/\/dainavafest.lt\/remejai\/"]}]},{"@type":"ImageObject","inLanguage":"en-US","@id":"https:\/\/dainavafest.lt\/remejai\/#primaryimage","url":"https:\/\/dainavafest.lt\/wp-content\/uploads\/2024\/05\/AKC_logo_spalvotas_horizontalus-1024x352.png","contentUrl":"https:\/\/dainavafest.lt\/wp-content\/uploads\/2024\/05\/AKC_logo_spalvotas_horizontalus-1024x352.png"},{"@type":"BreadcrumbList","@id":"https:\/\/dainavafest.lt\/remejai\/#breadcrumb","itemListElement":[{"@type":"ListItem","position":1,"name":"Home","item":"https:\/\/dainavafest.lt\/"},{"@type":"ListItem","position":2,"name":"R\u0117m\u0117jai"}]},{"@type":"WebSite","@id":"https:\/\/dainavafest.lt\/#website","url":"https:\/\/dainavafest.lt\/","name":"Dainavos festivalis","description":"Dainavos \u0161alies muzikos festivalis","publisher":{"@id":"https:\/\/dainavafest.lt\/#organization"},"alternateName":"dainava fest, dainavos festivalis, dainava, dainavos \u0161alies muzikos festivalis 2024","potentialAction":[{"@type":"SearchAction","target":{"@type":"EntryPoint","urlTemplate":"https:\/\/dainavafest.lt\/?s={search_term_string}"},"query-input":{"@type":"PropertyValueSpecification","valueRequired":true,"valueName":"search_term_string"}}],"inLanguage":"en-US"},{"@type":"Organization","@id":"https:\/\/dainavafest.lt\/#organization","name":"Alytaus kult\u016bros centras","alternateName":"AKC","url":"https:\/\/dainavafest.lt\/","logo":{"@type":"ImageObject","inLanguage":"en-US","@id":"https:\/\/dainavafest.lt\/#\/schema\/logo\/image\/","url":"https:\/\/dainavafest.lt\/wp-content\/uploads\/2024\/05\/cropped-logo-festivalio1-e1715260345259.png","contentUrl":"https:\/\/dainavafest.lt\/wp-content\/uploads\/2024\/05\/cropped-logo-festivalio1-e1715260345259.png","width":512,"height":512,"caption":"Alytaus kult\u016bros centras"},"image":{"@id":"https:\/\/dainavafest.lt\/#\/schema\/logo\/image\/"}}]}},"_links":{"self":[{"href":"https:\/\/dainavafest.lt\/en\/wp-json\/wp\/v2\/pages\/451"}],"collection":[{"href":"https:\/\/dainavafest.lt\/en\/wp-json\/wp\/v2\/pages"}],"about":[{"href":"https:\/\/dainavafest.lt\/en\/wp-json\/wp\/v2\/types\/page"}],"author":[{"embeddable":true,"href":"https:\/\/dainavafest.lt\/en\/wp-json\/wp\/v2\/users\/1"}],"replies":[{"embeddable":true,"href":"https:\/\/dainavafest.lt\/en\/wp-json\/wp\/v2\/comments?post=451"}],"version-history":[{"count":45,"href":"https:\/\/dainavafest.lt\/en\/wp-json\/wp\/v2\/pages\/451\/revisions"}],"predecessor-version":[{"id":1612,"href":"https:\/\/dainavafest.lt\/en\/wp-json\/wp\/v2\/pages\/451\/revisions\/1612"}],"wp:attachment":[{"href":"https:\/\/dainavafest.lt\/en\/wp-json\/wp\/v2\/media?parent=451"}],"curies":[{"name":"wp","href":"https:\/\/api.w.org\/{rel}","templated":true}]}}